{"id":1809,"date":"2023-11-12T18:39:21","date_gmt":"2023-11-12T18:39:21","guid":{"rendered":"https:\/\/www.mediocrati.com\/club-giovani-soci\/?post_type=product&#038;p=1809"},"modified":"2023-11-12T18:39:21","modified_gmt":"2023-11-12T18:39:21","slug":"riparte-il-tour-delle-eccellenze-calabresi-azienda-di-leo-rocca-imperiale","status":"publish","type":"product","link":"https:\/\/www.mediocrati.com\/club-giovani-soci\/eventi\/riparte-il-tour-delle-eccellenze-calabresi-azienda-di-leo-rocca-imperiale\/","title":{"rendered":"Riparte il &#8220;Tour delle eccellenze Calabresi&#8221; | Azienda Di Leo, Rocca Imperiale"},"content":{"rendered":"<p><span style=\"font-size: 16px\">Riparte il &#8220;Tour delle eccellenze Calabresi&#8221;. <\/span><\/p>\n<p><span style=\"font-size: 16px\">Questa volta i Giovani Soci si dirigeranno a Rocca Imperiale nell&#8217;Alto Ionio, patria dei Limoni Igp di Calabria e grazie a questa occasione visiteremo la realt\u00e0 l&#8217;aziendale Di Leo, eccellenza del settore, che ci racconter\u00e0 la sua storia e come nascono i loro prodotti.<\/span><\/p>\n<p>\u00c8 un&#8217;occasione che non puoi perdere!<br \/>\nCi divertiremo insieme e conosceremo il nostro territorio!<\/p>\n<p>Il programma della giornata di <strong>sabato 15 Novembre 2023<\/strong><br \/>\n<span class=\"cqiun4t2 khvhiq1o r5qsrrlp i5tg98hk iqx13udk przvwfww qiohso4h gfz4du6o r7fjleex nz2484kf svot0ezm dcnh1tix sxl192xd t3g6t33p\"><span class=\"\">&#x1f4cd;<\/span><\/span>9.00 Ritrovo Centro direzionale Bcc Mediocrati Rende (Via Alfieri)<br \/>\n&#x1f564;9.30 Partenza<br \/>\n&#x1f55a;11.00 Visita Azienda Di Leo<br \/>\n&#x1f550;13.00 Pausa pranzo (sar\u00e0 fornita una food bag)<br \/>\n&#x1f55d;14.30 Proseguimento visita aziendale nel Borgo di Rocca imperiale con annessa visita guidata del Borgo<br \/>\n&#x1f550;18.30 Rientro a Rende<\/p>\n<p><strong>La quota di partecipazione per i Gs \u00e8 di 8 euro<\/strong> e <strong>per gli accompagnatori \u00e8 di euro 10<\/strong>.<\/p>\n<p><strong>Prenotati sul nostro portale entro il 15 Novembre ore 13.00<\/strong>.<br \/>\n(Segnalaci eventuali intolleranze per il pranzo)<\/p>\n","protected":false},"excerpt":{"rendered":"<p>Riparte il &#8220;Tour delle eccellenze Calabresi&#8221;. Questa volta i Giovani Soci si dirigeranno a Rocca Imperiale nell&#8217;Alto Ionio, patria dei Limoni Igp di Calabria e grazie a questa occasione visiteremo la realt\u00e0 l&#8217;aziendale Di Leo, eccellenza del settore, che ci racconter\u00e0 la sua storia e come nascono i loro prodotti. \u00c8 un&#8217;occasione che non puoi &hellip;<\/p>\n<p class=\"read-more\"> <a class=\"\" href=\"https:\/\/www.mediocrati.com\/club-giovani-soci\/eventi\/riparte-il-tour-delle-eccellenze-calabresi-azienda-di-leo-rocca-imperiale\/\"> <span class=\"screen-reader-text\">Riparte il &#8220;Tour delle eccellenze Calabresi&#8221; | Azienda Di Leo, Rocca Imperiale<\/span> Leggi altro &raquo;<\/a><\/p>\n","protected":false},"featured_media":1810,"comment_status":"open","ping_status":"closed","template":"","meta":[],"yoast_head":"<!-- This site is optimized with the Yoast SEO plugin v14.9 - https:\/\/yoast.com\/wordpress\/plugins\/seo\/ -->\r\n<title>Riparte il &quot;Tour delle eccellenze Calabresi&quot; | Azienda Di Leo, Rocca Imperiale - BCC Giovani Soci<\/title>\r\n<meta name=\"robots\" content=\"index, follow, max-snippet:-1, max-image-preview:large, max-video-preview:-1\" \/>\r\n<link rel=\"canonical\" href=\"https:\/\/www.mediocrati.com\/club-giovani-soci\/eventi\/riparte-il-tour-delle-eccellenze-calabresi-azienda-di-leo-rocca-imperiale\/\" \/>\r\n<meta property=\"og:locale\" content=\"it_IT\" \/>\r\n<meta property=\"og:type\" content=\"article\" \/>\r\n<meta property=\"og:title\" content=\"Riparte il &quot;Tour delle eccellenze Calabresi&quot; | Azienda Di Leo, Rocca Imperiale - BCC Giovani Soci\" \/>\r\n<meta property=\"og:description\" content=\"Riparte il &#8220;Tour delle eccellenze Calabresi&#8221;. Questa volta i Giovani Soci si dirigeranno a Rocca Imperiale nell&#8217;Alto Ionio, patria dei Limoni Igp di Calabria e grazie a questa occasione visiteremo la realt\u00e0 l&#8217;aziendale Di Leo, eccellenza del settore, che ci racconter\u00e0 la sua storia e come nascono i loro prodotti. \u00c8 un&#8217;occasione che non puoi &hellip; Riparte il &#8220;Tour delle eccellenze Calabresi&#8221; | Azienda Di Leo, Rocca Imperiale Leggi altro &raquo;\" \/>\r\n<meta property=\"og:url\" content=\"https:\/\/www.mediocrati.com\/club-giovani-soci\/eventi\/riparte-il-tour-delle-eccellenze-calabresi-azienda-di-leo-rocca-imperiale\/\" \/>\r\n<meta property=\"og:site_name\" content=\"BCC Giovani Soci\" \/>\r\n<meta property=\"og:image\" content=\"https:\/\/www.mediocrati.com\/club-giovani-soci\/wp-content\/uploads\/2023\/11\/WhatsApp-Image-2023-11-12-at-16.33.12.jpeg\" \/>\r\n\t<meta property=\"og:image:width\" content=\"1080\" \/>\r\n\t<meta property=\"og:image:height\" content=\"1080\" \/>\r\n<meta name=\"twitter:card\" content=\"summary_large_image\" \/>\r\n<script type=\"application\/ld+json\" class=\"yoast-schema-graph\">{\"@context\":\"https:\/\/schema.org\",\"@graph\":[{\"@type\":\"WebSite\",\"@id\":\"https:\/\/www.mediocrati.com\/club-giovani-soci\/#website\",\"url\":\"https:\/\/www.mediocrati.com\/club-giovani-soci\/\",\"name\":\"BCC Giovani Soci\",\"description\":\"\",\"potentialAction\":[{\"@type\":\"SearchAction\",\"target\":\"https:\/\/www.mediocrati.com\/club-giovani-soci\/?s={search_term_string}\",\"query-input\":\"required name=search_term_string\"}],\"inLanguage\":\"it-IT\"},{\"@type\":\"ImageObject\",\"@id\":\"https:\/\/www.mediocrati.com\/club-giovani-soci\/eventi\/riparte-il-tour-delle-eccellenze-calabresi-azienda-di-leo-rocca-imperiale\/#primaryimage\",\"inLanguage\":\"it-IT\",\"url\":\"https:\/\/www.mediocrati.com\/club-giovani-soci\/wp-content\/uploads\/2023\/11\/WhatsApp-Image-2023-11-12-at-16.33.12.jpeg\",\"width\":1080,\"height\":1080},{\"@type\":\"WebPage\",\"@id\":\"https:\/\/www.mediocrati.com\/club-giovani-soci\/eventi\/riparte-il-tour-delle-eccellenze-calabresi-azienda-di-leo-rocca-imperiale\/#webpage\",\"url\":\"https:\/\/www.mediocrati.com\/club-giovani-soci\/eventi\/riparte-il-tour-delle-eccellenze-calabresi-azienda-di-leo-rocca-imperiale\/\",\"name\":\"Riparte il \\\"Tour delle eccellenze Calabresi\\\" | Azienda Di Leo, Rocca Imperiale - BCC Giovani Soci\",\"isPartOf\":{\"@id\":\"https:\/\/www.mediocrati.com\/club-giovani-soci\/#website\"},\"primaryImageOfPage\":{\"@id\":\"https:\/\/www.mediocrati.com\/club-giovani-soci\/eventi\/riparte-il-tour-delle-eccellenze-calabresi-azienda-di-leo-rocca-imperiale\/#primaryimage\"},\"datePublished\":\"2023-11-12T18:39:21+00:00\",\"dateModified\":\"2023-11-12T18:39:21+00:00\",\"breadcrumb\":{\"@id\":\"https:\/\/www.mediocrati.com\/club-giovani-soci\/eventi\/riparte-il-tour-delle-eccellenze-calabresi-azienda-di-leo-rocca-imperiale\/#breadcrumb\"},\"inLanguage\":\"it-IT\",\"potentialAction\":[{\"@type\":\"ReadAction\",\"target\":[\"https:\/\/www.mediocrati.com\/club-giovani-soci\/eventi\/riparte-il-tour-delle-eccellenze-calabresi-azienda-di-leo-rocca-imperiale\/\"]}]},{\"@type\":\"BreadcrumbList\",\"@id\":\"https:\/\/www.mediocrati.com\/club-giovani-soci\/eventi\/riparte-il-tour-delle-eccellenze-calabresi-azienda-di-leo-rocca-imperiale\/#breadcrumb\",\"itemListElement\":[{\"@type\":\"ListItem\",\"position\":1,\"item\":{\"@type\":\"WebPage\",\"@id\":\"https:\/\/www.mediocrati.com\/club-giovani-soci\/\",\"url\":\"https:\/\/www.mediocrati.com\/club-giovani-soci\/\",\"name\":\"Home\"}},{\"@type\":\"ListItem\",\"position\":2,\"item\":{\"@type\":\"WebPage\",\"@id\":\"http:\/\/www.mediocrati.com\/club-giovani-soci\/eventi\/\",\"url\":\"http:\/\/www.mediocrati.com\/club-giovani-soci\/eventi\/\",\"name\":\"Eventi\"}},{\"@type\":\"ListItem\",\"position\":3,\"item\":{\"@type\":\"WebPage\",\"@id\":\"https:\/\/www.mediocrati.com\/club-giovani-soci\/eventi\/riparte-il-tour-delle-eccellenze-calabresi-azienda-di-leo-rocca-imperiale\/\",\"url\":\"https:\/\/www.mediocrati.com\/club-giovani-soci\/eventi\/riparte-il-tour-delle-eccellenze-calabresi-azienda-di-leo-rocca-imperiale\/\",\"name\":\"Riparte il &#8220;Tour delle eccellenze Calabresi&#8221; | Azienda Di Leo, Rocca Imperiale\"}}]}]}<\/script>\r\n<!-- \/ Yoast SEO plugin. -->","_links":{"self":[{"href":"https:\/\/www.mediocrati.com\/club-giovani-soci\/wp-json\/wp\/v2\/product\/1809"}],"collection":[{"href":"https:\/\/www.mediocrati.com\/club-giovani-soci\/wp-json\/wp\/v2\/product"}],"about":[{"href":"https:\/\/www.mediocrati.com\/club-giovani-soci\/wp-json\/wp\/v2\/types\/product"}],"replies":[{"embeddable":true,"href":"https:\/\/www.mediocrati.com\/club-giovani-soci\/wp-json\/wp\/v2\/comments?post=1809"}],"wp:featuredmedia":[{"embeddable":true,"href":"https:\/\/www.mediocrati.com\/club-giovani-soci\/wp-json\/wp\/v2\/media\/1810"}],"wp:attachment":[{"href":"https:\/\/www.mediocrati.com\/club-giovani-soci\/wp-json\/wp\/v2\/media?parent=1809"}],"curies":[{"name":"wp","href":"https:\/\/api.w.org\/{rel}","templated":true}]}}