{"id":1829,"date":"2023-12-12T23:01:23","date_gmt":"2023-12-12T23:01:23","guid":{"rendered":"https:\/\/www.mediocrati.com\/club-giovani-soci\/?post_type=product&#038;p=1829"},"modified":"2023-12-12T23:01:23","modified_gmt":"2023-12-12T23:01:23","slug":"cena-di-natale-cavo-28-dicembre-2023","status":"publish","type":"product","link":"https:\/\/www.mediocrati.com\/club-giovani-soci\/eventi\/cena-di-natale-cavo-28-dicembre-2023\/","title":{"rendered":"Cena di Natale &#8211; Cav\u00f2 &#8211; 28 dicembre 2023"},"content":{"rendered":"<p>&#x1f385; Natale con il Club e Capodanno&#8230; pure!<\/p>\n<p>Per dare la possibilit\u00e0 a tutti di partecipare quest&#8217;anno abbiamo pensato di fare una cena di Natale &#8220;insolita&#8221;, a cavallo tra il 25 dicembre e Capodanno.<\/p>\n<p>Sar\u00e0 un&#8217;occasione per farci gli auguri due volte!<\/p>\n<p>Quest&#8217;anno ad accoglierci sar\u00e0 il Cav\u00f2 food and Drink nel centro di Cosenza, per una serata scintillante all&#8217;insegna dell&#8217;eleganza e del divertimento.<\/p>\n<p>Perfetto, cosa ti resta da fare?<\/p>\n<ul>\n<li>Scalda la voce: canteremo insieme ai NoAge live band;<\/li>\n<li>Sfodera il tuo sorriso migliore (o il tuo broncio, se ti senti un po&#8217; &#8220;Grinch&#8221;): immortaleremo i momenti migliori della serata;<\/li>\n<li>Metti un vestito elegante ma non dimenticare un tocco natalizio: l&#8217;accessorio pi\u00f9 curioso verr\u00e0 premiato!<\/li>\n<\/ul>\n<p>Non puoi mancare! Ricordati di prenotare il tuo posto entro il 23 Dicembre. Ti ricordiamo che la quota di partecipazione \u00e8 di 20\u20ac per i GS e 25\u20ac per gli accompagnatori non Soci e puoi versarla direttamente qui:<\/p>\n<blockquote class=\"wp-embedded-content\" data-secret=\"amrhezRRPs\"><p><a href=\"https:\/\/www.mediocrati.com\/club-giovani-soci\/eventi\/cena-di-natale-cavo-28-dicembre-2023\/\">Cena di Natale &#8211; Cav\u00f2 &#8211; 28 dicembre 2023<\/a><\/p><\/blockquote>\n<p><iframe class=\"wp-embedded-content\" sandbox=\"allow-scripts\" security=\"restricted\" style=\"position: absolute; clip: rect(1px, 1px, 1px, 1px);\" title=\"&#8220;Cena di Natale &#8211; Cav\u00f2 &#8211; 28 dicembre 2023&#8221; &#8212; BCC Giovani Soci\" src=\"https:\/\/www.mediocrati.com\/club-giovani-soci\/eventi\/cena-di-natale-cavo-28-dicembre-2023\/embed\/#?secret=amrhezRRPs\" data-secret=\"amrhezRRPs\" width=\"500\" height=\"282\" frameborder=\"0\" marginwidth=\"0\" marginheight=\"0\" scrolling=\"no\"><\/iframe><\/p>\n<p>&nbsp;<\/p>\n<p>&nbsp;<\/p>\n","protected":false},"excerpt":{"rendered":"<p>&#x1f385; Natale con il Club e Capodanno&#8230; pure! Per dare la possibilit\u00e0 a tutti di partecipare quest&#8217;anno abbiamo pensato di fare una cena di Natale &#8220;insolita&#8221;, a cavallo tra il 25 dicembre e Capodanno. Sar\u00e0 un&#8217;occasione per farci gli auguri due volte! Quest&#8217;anno ad accoglierci sar\u00e0 il Cav\u00f2 food and Drink nel centro di Cosenza, &hellip;<\/p>\n<p class=\"read-more\"> <a class=\"\" href=\"https:\/\/www.mediocrati.com\/club-giovani-soci\/eventi\/cena-di-natale-cavo-28-dicembre-2023\/\"> <span class=\"screen-reader-text\">Cena di Natale &#8211; Cav\u00f2 &#8211; 28 dicembre 2023<\/span> Leggi altro &raquo;<\/a><\/p>\n","protected":false},"featured_media":1831,"comment_status":"open","ping_status":"closed","template":"","meta":[],"yoast_head":"<!-- This site is optimized with the Yoast SEO plugin v14.9 - https:\/\/yoast.com\/wordpress\/plugins\/seo\/ -->\r\n<title>Cena di Natale - Cav\u00f2 - 28 dicembre 2023 - BCC Giovani Soci<\/title>\r\n<meta name=\"robots\" content=\"index, follow, max-snippet:-1, max-image-preview:large, max-video-preview:-1\" \/>\r\n<link rel=\"canonical\" href=\"https:\/\/www.mediocrati.com\/club-giovani-soci\/eventi\/cena-di-natale-cavo-28-dicembre-2023\/\" \/>\r\n<meta property=\"og:locale\" content=\"it_IT\" \/>\r\n<meta property=\"og:type\" content=\"article\" \/>\r\n<meta property=\"og:title\" content=\"Cena di Natale - Cav\u00f2 - 28 dicembre 2023 - BCC Giovani Soci\" \/>\r\n<meta property=\"og:description\" content=\"&#x1f385; Natale con il Club e Capodanno&#8230; pure! Per dare la possibilit\u00e0 a tutti di partecipare quest&#8217;anno abbiamo pensato di fare una cena di Natale &#8220;insolita&#8221;, a cavallo tra il 25 dicembre e Capodanno. Sar\u00e0 un&#8217;occasione per farci gli auguri due volte! Quest&#8217;anno ad accoglierci sar\u00e0 il Cav\u00f2 food and Drink nel centro di Cosenza, &hellip; Cena di Natale &#8211; Cav\u00f2 &#8211; 28 dicembre 2023 Leggi altro &raquo;\" \/>\r\n<meta property=\"og:url\" content=\"https:\/\/www.mediocrati.com\/club-giovani-soci\/eventi\/cena-di-natale-cavo-28-dicembre-2023\/\" \/>\r\n<meta property=\"og:site_name\" content=\"BCC Giovani Soci\" \/>\r\n<meta property=\"og:image\" content=\"https:\/\/www.mediocrati.com\/club-giovani-soci\/wp-content\/uploads\/2023\/12\/Screenshot-2023-12-12-234140.png\" \/>\r\n\t<meta property=\"og:image:width\" content=\"678\" \/>\r\n\t<meta property=\"og:image:height\" content=\"680\" \/>\r\n<meta name=\"twitter:card\" content=\"summary_large_image\" \/>\r\n<script type=\"application\/ld+json\" class=\"yoast-schema-graph\">{\"@context\":\"https:\/\/schema.org\",\"@graph\":[{\"@type\":\"WebSite\",\"@id\":\"https:\/\/www.mediocrati.com\/club-giovani-soci\/#website\",\"url\":\"https:\/\/www.mediocrati.com\/club-giovani-soci\/\",\"name\":\"BCC Giovani Soci\",\"description\":\"\",\"potentialAction\":[{\"@type\":\"SearchAction\",\"target\":\"https:\/\/www.mediocrati.com\/club-giovani-soci\/?s={search_term_string}\",\"query-input\":\"required name=search_term_string\"}],\"inLanguage\":\"it-IT\"},{\"@type\":\"ImageObject\",\"@id\":\"https:\/\/www.mediocrati.com\/club-giovani-soci\/eventi\/cena-di-natale-cavo-28-dicembre-2023\/#primaryimage\",\"inLanguage\":\"it-IT\",\"url\":\"https:\/\/www.mediocrati.com\/club-giovani-soci\/wp-content\/uploads\/2023\/12\/Screenshot-2023-12-12-234140.png\",\"width\":678,\"height\":680},{\"@type\":\"WebPage\",\"@id\":\"https:\/\/www.mediocrati.com\/club-giovani-soci\/eventi\/cena-di-natale-cavo-28-dicembre-2023\/#webpage\",\"url\":\"https:\/\/www.mediocrati.com\/club-giovani-soci\/eventi\/cena-di-natale-cavo-28-dicembre-2023\/\",\"name\":\"Cena di Natale - Cav\\u00f2 - 28 dicembre 2023 - BCC Giovani Soci\",\"isPartOf\":{\"@id\":\"https:\/\/www.mediocrati.com\/club-giovani-soci\/#website\"},\"primaryImageOfPage\":{\"@id\":\"https:\/\/www.mediocrati.com\/club-giovani-soci\/eventi\/cena-di-natale-cavo-28-dicembre-2023\/#primaryimage\"},\"datePublished\":\"2023-12-12T23:01:23+00:00\",\"dateModified\":\"2023-12-12T23:01:23+00:00\",\"breadcrumb\":{\"@id\":\"https:\/\/www.mediocrati.com\/club-giovani-soci\/eventi\/cena-di-natale-cavo-28-dicembre-2023\/#breadcrumb\"},\"inLanguage\":\"it-IT\",\"potentialAction\":[{\"@type\":\"ReadAction\",\"target\":[\"https:\/\/www.mediocrati.com\/club-giovani-soci\/eventi\/cena-di-natale-cavo-28-dicembre-2023\/\"]}]},{\"@type\":\"BreadcrumbList\",\"@id\":\"https:\/\/www.mediocrati.com\/club-giovani-soci\/eventi\/cena-di-natale-cavo-28-dicembre-2023\/#breadcrumb\",\"itemListElement\":[{\"@type\":\"ListItem\",\"position\":1,\"item\":{\"@type\":\"WebPage\",\"@id\":\"https:\/\/www.mediocrati.com\/club-giovani-soci\/\",\"url\":\"https:\/\/www.mediocrati.com\/club-giovani-soci\/\",\"name\":\"Home\"}},{\"@type\":\"ListItem\",\"position\":2,\"item\":{\"@type\":\"WebPage\",\"@id\":\"http:\/\/www.mediocrati.com\/club-giovani-soci\/eventi\/\",\"url\":\"http:\/\/www.mediocrati.com\/club-giovani-soci\/eventi\/\",\"name\":\"Eventi\"}},{\"@type\":\"ListItem\",\"position\":3,\"item\":{\"@type\":\"WebPage\",\"@id\":\"https:\/\/www.mediocrati.com\/club-giovani-soci\/eventi\/cena-di-natale-cavo-28-dicembre-2023\/\",\"url\":\"https:\/\/www.mediocrati.com\/club-giovani-soci\/eventi\/cena-di-natale-cavo-28-dicembre-2023\/\",\"name\":\"Cena di Natale &#8211; Cav\\u00f2 &#8211; 28 dicembre 2023\"}}]}]}<\/script>\r\n<!-- \/ Yoast SEO plugin. -->","_links":{"self":[{"href":"https:\/\/www.mediocrati.com\/club-giovani-soci\/wp-json\/wp\/v2\/product\/1829"}],"collection":[{"href":"https:\/\/www.mediocrati.com\/club-giovani-soci\/wp-json\/wp\/v2\/product"}],"about":[{"href":"https:\/\/www.mediocrati.com\/club-giovani-soci\/wp-json\/wp\/v2\/types\/product"}],"replies":[{"embeddable":true,"href":"https:\/\/www.mediocrati.com\/club-giovani-soci\/wp-json\/wp\/v2\/comments?post=1829"}],"wp:featuredmedia":[{"embeddable":true,"href":"https:\/\/www.mediocrati.com\/club-giovani-soci\/wp-json\/wp\/v2\/media\/1831"}],"wp:attachment":[{"href":"https:\/\/www.mediocrati.com\/club-giovani-soci\/wp-json\/wp\/v2\/media?parent=1829"}],"curies":[{"name":"wp","href":"https:\/\/api.w.org\/{rel}","templated":true}]}}